{"id":75,"date":"2025-08-29T12:34:36","date_gmt":"2025-08-29T12:34:36","guid":{"rendered":"https:\/\/cevvaltarim.com\/?page_id=75"},"modified":"2025-08-29T14:41:42","modified_gmt":"2025-08-29T14:41:42","slug":"iletisim","status":"publish","type":"page","link":"https:\/\/cevvaltarim.com\/?page_id=75","title":{"rendered":"\u0130leti\u015fim"},"content":{"rendered":"\n<div class=\"wp-block-columns is-layout-flex wp-container-core-columns-is-layout-28f84493 wp-block-columns-is-layout-flex\">\n<div class=\"wp-block-column is-layout-flow wp-block-column-is-layout-flow\" style=\"flex-basis:15%\">\n<figure class=\"wp-block-image size-full is-resized\"><img loading=\"lazy\" decoding=\"async\" width=\"270\" height=\"270\" src=\"https:\/\/cevvaltarim.com\/wp-content\/uploads\/2025\/08\/indir-_1_.webp\" alt=\"\" class=\"wp-image-89\" style=\"width:78px;height:auto\" srcset=\"https:\/\/cevvaltarim.com\/wp-content\/uploads\/2025\/08\/indir-_1_.webp 270w, https:\/\/cevvaltarim.com\/wp-content\/uploads\/2025\/08\/indir-_1_-150x150.webp 150w\" sizes=\"auto, (max-width: 270px) 100vw, 270px\" \/><\/figure>\n<\/div>\n\n\n\n<div class=\"wp-block-column is-vertically-aligned-center is-layout-flow wp-block-column-is-layout-flow\" style=\"flex-basis:85%\">\n<p>+ 90 212 982 69 09<\/p>\n<\/div>\n<\/div>\n\n\n\n<div class=\"wp-block-columns is-layout-flex wp-container-core-columns-is-layout-28f84493 wp-block-columns-is-layout-flex\">\n<div class=\"wp-block-column is-layout-flow wp-block-column-is-layout-flow\" style=\"flex-basis:15%\">\n<figure class=\"wp-block-image is-resized\"><img loading=\"lazy\" decoding=\"async\" width=\"270\" height=\"270\" src=\"https:\/\/cevvaltarim.com\/wp-content\/uploads\/2025\/08\/indir-1.webp\" alt=\"\" class=\"wp-image-85\" style=\"width:78px\" srcset=\"https:\/\/cevvaltarim.com\/wp-content\/uploads\/2025\/08\/indir-1.webp 270w, https:\/\/cevvaltarim.com\/wp-content\/uploads\/2025\/08\/indir-1-150x150.webp 150w\" sizes=\"auto, (max-width: 270px) 100vw, 270px\" \/><\/figure>\n<\/div>\n\n\n\n<div class=\"wp-block-column is-vertically-aligned-center is-layout-flow wp-block-column-is-layout-flow\" style=\"flex-basis:85%\">\n<p>Ye\u015filk\u00f6y Mah. Atat\u00fcrk Cad. Business Park No: 12\/1 Bakirk\u00f6y \/Istanbul<\/p>\n<\/div>\n<\/div>\n\n\n\n<div class=\"wp-block-columns is-layout-flex wp-container-core-columns-is-layout-28f84493 wp-block-columns-is-layout-flex\">\n<div class=\"wp-block-column is-layout-flow wp-block-column-is-layout-flow\" style=\"flex-basis:15%\">\n<figure class=\"wp-block-image is-resized\"><img loading=\"lazy\" decoding=\"async\" width=\"150\" height=\"150\" src=\"https:\/\/cevvaltarim.com\/wp-content\/uploads\/2025\/08\/imgi_18_default.webp\" alt=\"\" class=\"wp-image-91\" style=\"width:78px\"\/><\/figure>\n<\/div>\n\n\n\n<div class=\"wp-block-column is-vertically-aligned-center is-layout-flow wp-block-column-is-layout-flow\" style=\"flex-basis:85%\">\n<p>muhasebe@cevvaltarim.com<\/p>\n\n\n\n<p>a.arslanca@cevvaltarim.com<\/p>\n<\/div>\n<\/div>\n\n\n\n<p><\/p>\n","protected":false},"excerpt":{"rendered":"<p>+ 90 212 982 69 09 Ye\u015filk\u00f6y Mah. Atat\u00fcrk Cad. Business Park No: 12\/1 Bakirk\u00f6y \/Istanbul muhasebe@cevvaltarim.com a.arslanca@cevvaltarim.com<\/p>\n","protected":false},"author":1,"featured_media":0,"parent":0,"menu_order":0,"comment_status":"closed","ping_status":"closed","template":"","meta":{"footnotes":""},"class_list":["post-75","page","type-page","status-publish","hentry"],"_links":{"self":[{"href":"https:\/\/cevvaltarim.com\/index.php?rest_route=\/wp\/v2\/pages\/75","targetHints":{"allow":["GET"]}}],"collection":[{"href":"https:\/\/cevvaltarim.com\/index.php?rest_route=\/wp\/v2\/pages"}],"about":[{"href":"https:\/\/cevvaltarim.com\/index.php?rest_route=\/wp\/v2\/types\/page"}],"author":[{"embeddable":true,"href":"https:\/\/cevvaltarim.com\/index.php?rest_route=\/wp\/v2\/users\/1"}],"replies":[{"embeddable":true,"href":"https:\/\/cevvaltarim.com\/index.php?rest_route=%2Fwp%2Fv2%2Fcomments&post=75"}],"version-history":[{"count":5,"href":"https:\/\/cevvaltarim.com\/index.php?rest_route=\/wp\/v2\/pages\/75\/revisions"}],"predecessor-version":[{"id":116,"href":"https:\/\/cevvaltarim.com\/index.php?rest_route=\/wp\/v2\/pages\/75\/revisions\/116"}],"wp:attachment":[{"href":"https:\/\/cevvaltarim.com\/index.php?rest_route=%2Fwp%2Fv2%2Fmedia&parent=75"}],"curies":[{"name":"wp","href":"https:\/\/api.w.org\/{rel}","templated":true}]}}