{"id":38,"date":"2025-08-29T12:06:13","date_gmt":"2025-08-29T12:06:13","guid":{"rendered":"https:\/\/cevvaltarim.com\/?page_id=38"},"modified":"2025-08-29T17:41:46","modified_gmt":"2025-08-29T17:41:46","slug":"hakkimizda","status":"publish","type":"page","link":"https:\/\/cevvaltarim.com\/?page_id=38","title":{"rendered":"Hakk\u0131m\u0131zda"},"content":{"rendered":"<h2 style=\"text-align: center;\">T\u00fcrkiye\u2019nin G\u00fcbre ve<\/h2>\n<h1 class=\"wp-block-heading\" style=\"text-align: center;\">Ham Madde Lideriyiz!<\/h1>\n\n\n<div class=\"wp-block-columns is-layout-flex wp-container-core-columns-is-layout-28f84493 wp-block-columns-is-layout-flex\">\n<div class=\"wp-block-column is-layout-flow wp-block-column-is-layout-flow\">\n<figure class=\"wp-block-image size-full\"><img loading=\"lazy\" decoding=\"async\" width=\"878\" height=\"912\" src=\"https:\/\/cevvaltarim.com\/wp-content\/uploads\/2025\/08\/17563e90-a844-4df8-8e53-e93c9e5d702d.jpeg\" alt=\"\" class=\"wp-image-64\" style=\"aspect-ratio:9\/16;object-fit:cover\" srcset=\"https:\/\/cevvaltarim.com\/wp-content\/uploads\/2025\/08\/17563e90-a844-4df8-8e53-e93c9e5d702d.jpeg 878w, https:\/\/cevvaltarim.com\/wp-content\/uploads\/2025\/08\/17563e90-a844-4df8-8e53-e93c9e5d702d-289x300.jpeg 289w, https:\/\/cevvaltarim.com\/wp-content\/uploads\/2025\/08\/17563e90-a844-4df8-8e53-e93c9e5d702d-768x798.jpeg 768w\" sizes=\"auto, (max-width: 878px) 100vw, 878px\" \/><\/figure>\n<\/div>\n\n\n\n<div class=\"wp-block-column is-layout-flow wp-block-column-is-layout-flow\">\n<p class=\"wp-block-heading\"><strong>Cevval Tar\u0131m kimyasal g\u00fcbre sekt\u00f6r\u00fcnde 30 y\u0131l\u0131 a\u015fk\u0131n tecr\u00fcbesiyle yurt i\u00e7inde ve yurt d\u0131\u015f\u0131nda tar\u0131m\u0131n s\u00fcrd\u00fcr\u00fclebilir geli\u015fimine katk\u0131 sa\u011flamay\u0131 ama\u00e7layan tedarik ve da\u011f\u0131t\u0131m \u015firketidir.<\/strong><\/p>\n<p class=\"wp-block-heading\"><strong>Kurulu\u015fumuzdan bu yana, Azot, Fosfat bazl\u0131 g\u00fcbrelerin yan\u0131 s\u0131ra NPK ve \u00dcRE gibi geni\u015f \u00fcr\u00fcn yelpazesini d\u00fcnyan\u0131n \u00f6nde gelen \u00fcreticilerinden tedarik ederek, \u00e7ift\u00e7ilerimizin ve i\u015f ortaklar\u0131m\u0131z\u0131n hizmetine sunmaktay\u0131z.<\/strong><\/p>\n<p><strong>Y\u00fcksek kalite standartlar\u0131na uygun \u00fcr\u00fcnlerimizi g\u00fcvenilir lojistik a\u011f\u0131m\u0131z ile tar\u0131m sekt\u00f6r\u00fcnde b\u00fcy\u00fcmeyi, topra\u011f\u0131n ihtiya\u00e7 duydu\u011fu besin maddelerini en do\u011fru \u015fekilde temin ederek \u00e7ift\u00e7imizin y\u00fcz\u00fcn\u00fc g\u00fcld\u00fcrmeyi hedefliyoruz.<\/strong><\/p>\n<p><strong>Cevval Tar\u0131m olarak \u00f6nceli\u011fimiz, m\u00fc\u015fterilerimizin beklentilerini en \u00fcst d\u00fczeyde kar\u015f\u0131lamak, sekt\u00f6rdeki geli\u015fmeleri yak\u0131ndan takip ederek kaliteli, verimli ve s\u00fcrd\u00fcr\u00fclebilir tar\u0131m uygulamalar\u0131na katk\u0131da bulunmakt\u0131r.<\/strong><\/p>\n<p><strong>Uzun y\u0131llara dayal\u0131 bilgi ve tecr\u00fcbemiz ile tar\u0131m\u0131n gelece\u011fine de\u011fer katmaya devam ediyoruz.\u200b<\/strong><\/p>\n<\/div>\n\n\n\n<div class=\"wp-block-column is-layout-flow wp-block-column-is-layout-flow\">\n<figure class=\"wp-block-gallery has-nested-images columns-default is-cropped wp-block-gallery-1 is-layout-flex wp-block-gallery-is-layout-flex\">\n<figure class=\"wp-block-image size-full\"><img loading=\"lazy\" decoding=\"async\" width=\"2560\" height=\"1696\" data-id=\"66\" src=\"https:\/\/cevvaltarim.com\/wp-content\/uploads\/2025\/08\/home_image_1-2-1-scaled.jpg\" alt=\"\" class=\"wp-image-66\" srcset=\"https:\/\/cevvaltarim.com\/wp-content\/uploads\/2025\/08\/home_image_1-2-1-scaled.jpg 2560w, https:\/\/cevvaltarim.com\/wp-content\/uploads\/2025\/08\/home_image_1-2-1-300x199.jpg 300w, https:\/\/cevvaltarim.com\/wp-content\/uploads\/2025\/08\/home_image_1-2-1-1024x678.jpg 1024w, https:\/\/cevvaltarim.com\/wp-content\/uploads\/2025\/08\/home_image_1-2-1-768x509.jpg 768w, https:\/\/cevvaltarim.com\/wp-content\/uploads\/2025\/08\/home_image_1-2-1-1536x1017.jpg 1536w, https:\/\/cevvaltarim.com\/wp-content\/uploads\/2025\/08\/home_image_1-2-1-2048x1356.jpg 2048w\" sizes=\"auto, (max-width: 2560px) 100vw, 2560px\" \/><\/figure>\n<\/figure>\n\n\n\n<figure class=\"wp-block-image size-full\"><img loading=\"lazy\" decoding=\"async\" width=\"2560\" height=\"1707\" src=\"https:\/\/cevvaltarim.com\/wp-content\/uploads\/2025\/08\/pexels-mirkofabian-12612073-min-1-3-scaled.jpg\" alt=\"\" class=\"wp-image-68\" srcset=\"https:\/\/cevvaltarim.com\/wp-content\/uploads\/2025\/08\/pexels-mirkofabian-12612073-min-1-3-scaled.jpg 2560w, https:\/\/cevvaltarim.com\/wp-content\/uploads\/2025\/08\/pexels-mirkofabian-12612073-min-1-3-300x200.jpg 300w, https:\/\/cevvaltarim.com\/wp-content\/uploads\/2025\/08\/pexels-mirkofabian-12612073-min-1-3-1024x683.jpg 1024w, https:\/\/cevvaltarim.com\/wp-content\/uploads\/2025\/08\/pexels-mirkofabian-12612073-min-1-3-768x512.jpg 768w, https:\/\/cevvaltarim.com\/wp-content\/uploads\/2025\/08\/pexels-mirkofabian-12612073-min-1-3-1536x1024.jpg 1536w, https:\/\/cevvaltarim.com\/wp-content\/uploads\/2025\/08\/pexels-mirkofabian-12612073-min-1-3-2048x1365.jpg 2048w\" sizes=\"auto, (max-width: 2560px) 100vw, 2560px\" \/><\/figure>\n<\/div>\n<\/div>\n\n\n\n<hr class=\"wp-block-separator has-alpha-channel-opacity\" style=\"margin-top:var(--wp--preset--spacing--80);margin-bottom:var(--wp--preset--spacing--80)\"\/>\n\n\n\n<div class=\"wp-block-group has-global-padding is-layout-constrained wp-block-group-is-layout-constrained\">\n<div class=\"wp-block-columns is-layout-flex wp-container-core-columns-is-layout-28f84493 wp-block-columns-is-layout-flex\">\n<div class=\"wp-block-column is-layout-flow wp-block-column-is-layout-flow\">\n<figure class=\"wp-block-image size-large\"><img loading=\"lazy\" decoding=\"async\" width=\"1024\" height=\"599\" src=\"https:\/\/cevvaltarim.com\/wp-content\/uploads\/2025\/08\/11cd9f97-fa68-4caa-b201-099bd81f06ea-2-1024x599.jpeg\" alt=\"\" class=\"wp-image-65\" srcset=\"https:\/\/cevvaltarim.com\/wp-content\/uploads\/2025\/08\/11cd9f97-fa68-4caa-b201-099bd81f06ea-2-1024x599.jpeg 1024w, https:\/\/cevvaltarim.com\/wp-content\/uploads\/2025\/08\/11cd9f97-fa68-4caa-b201-099bd81f06ea-2-300x175.jpeg 300w, https:\/\/cevvaltarim.com\/wp-content\/uploads\/2025\/08\/11cd9f97-fa68-4caa-b201-099bd81f06ea-2-768x449.jpeg 768w, https:\/\/cevvaltarim.com\/wp-content\/uploads\/2025\/08\/11cd9f97-fa68-4caa-b201-099bd81f06ea-2.jpeg 1161w\" sizes=\"auto, (max-width: 1024px) 100vw, 1024px\" \/><\/figure>\n<\/div>\n\n\n\n<div class=\"wp-block-column is-layout-flow wp-block-column-is-layout-flow\">\n<h3 class=\"wp-block-heading\">Kalite ve G\u00fcven ile <\/h3>\n\n\n\n<p class=\"has-extra-large-font-size\" style=\"margin-top:0;margin-right:0;margin-bottom:0;margin-left:0;padding-top:0;padding-right:0;padding-bottom:0;padding-left:0\"><mark style=\"background-color:rgba(0, 0, 0, 0)\" class=\"has-inline-color has-footer-background-color\"><strong>Verimlili\u011finizi Artt\u0131r\u0131n<\/strong><\/mark><\/p>\n\n\n\n<ul class=\"wp-block-list\">\n<li>Geni\u015f fosfatl\u0131 &amp; azotlu g\u00fcbre portf\u00f6y\u00fc<\/li>\n<\/ul>\n\n\n\n<ul class=\"wp-block-list\">\n<li>Rekabet\u00e7i fiyat + kesintisiz stok g\u00fcvencesi<\/li>\n<\/ul>\n\n\n\n<ul class=\"wp-block-list\">\n<li>30 y\u0131l\u0131 a\u015fk\u0131n sekt\u00f6r deneyimi ve g\u00fcvenilirlik<\/li>\n<\/ul>\n\n\n\n<ul class=\"wp-block-list\">\n<li>T\u00fcrk tar\u0131m\u0131na s\u00fcrd\u00fcr\u00fclebilir verimlilik katk\u0131s\u0131<\/li>\n<\/ul>\n\n\n\n<div class=\"wp-block-buttons is-content-justification-center is-layout-flex wp-container-core-buttons-is-layout-1d8c7101 wp-block-buttons-is-layout-flex\" style=\"margin-top:var(--wp--preset--spacing--20);margin-bottom:var(--wp--preset--spacing--20)\">\n<div class=\"wp-block-button has-custom-width wp-block-button__width-50 is-style-fill\"><a class=\"wp-block-button__link has-text-align-center wp-element-button\" href=\"https:\/\/cevvaltarim.com\/?page_id=75\" style=\"border-width:8px\">\u0130leti\u015fim<\/a><\/div>\n<\/div>\n<\/div>\n<\/div>\n<\/div>\n\n\n\n<p><\/p>\n","protected":false},"excerpt":{"rendered":"<p>T\u00fcrkiye\u2019nin G\u00fcbre ve Ham Madde Lideriyiz! Cevval Tar\u0131m kimyasal g\u00fcbre sekt\u00f6r\u00fcnde 30 y\u0131l\u0131 a\u015fk\u0131n tecr\u00fcbesiyle yurt i\u00e7inde ve yurt d\u0131\u015f\u0131nda tar\u0131m\u0131n s\u00fcrd\u00fcr\u00fclebilir geli\u015fimine katk\u0131 sa\u011flamay\u0131 ama\u00e7layan tedarik ve da\u011f\u0131t\u0131m \u015firketidir. Kurulu\u015fumuzdan bu yana, Azot, Fosfat bazl\u0131 g\u00fcbrelerin yan\u0131 s\u0131ra NPK ve \u00dcRE gibi geni\u015f \u00fcr\u00fcn yelpazesini d\u00fcnyan\u0131n \u00f6nde gelen \u00fcreticilerinden tedarik ederek, \u00e7ift\u00e7ilerimizin ve i\u015f [&hellip;]<\/p>\n","protected":false},"author":1,"featured_media":0,"parent":0,"menu_order":0,"comment_status":"closed","ping_status":"closed","template":"","meta":{"footnotes":""},"class_list":["post-38","page","type-page","status-publish","hentry"],"_links":{"self":[{"href":"https:\/\/cevvaltarim.com\/index.php?rest_route=\/wp\/v2\/pages\/38","targetHints":{"allow":["GET"]}}],"collection":[{"href":"https:\/\/cevvaltarim.com\/index.php?rest_route=\/wp\/v2\/pages"}],"about":[{"href":"https:\/\/cevvaltarim.com\/index.php?rest_route=\/wp\/v2\/types\/page"}],"author":[{"embeddable":true,"href":"https:\/\/cevvaltarim.com\/index.php?rest_route=\/wp\/v2\/users\/1"}],"replies":[{"embeddable":true,"href":"https:\/\/cevvaltarim.com\/index.php?rest_route=%2Fwp%2Fv2%2Fcomments&post=38"}],"version-history":[{"count":15,"href":"https:\/\/cevvaltarim.com\/index.php?rest_route=\/wp\/v2\/pages\/38\/revisions"}],"predecessor-version":[{"id":132,"href":"https:\/\/cevvaltarim.com\/index.php?rest_route=\/wp\/v2\/pages\/38\/revisions\/132"}],"wp:attachment":[{"href":"https:\/\/cevvaltarim.com\/index.php?rest_route=%2Fwp%2Fv2%2Fmedia&parent=38"}],"curies":[{"name":"wp","href":"https:\/\/api.w.org\/{rel}","templated":true}]}}